{"id":18690,"date":"2023-08-07T18:16:38","date_gmt":"2023-08-07T18:16:38","guid":{"rendered":"https:\/\/www.immobilien-suedtirol.bz.it\/informazioni\/"},"modified":"2024-10-04T06:22:32","modified_gmt":"2024-10-04T06:22:32","slug":"infos-immobilien-suedtirol","status":"publish","type":"page","link":"https:\/\/www.immobilien-suedtirol.bz.it\/de\/infos-immobilien-suedtirol\/","title":{"rendered":"Infos"},"content":{"rendered":"[vc_row type=&#8220;full_width_content&#8220; full_screen_row_position=&#8220;middle&#8220; column_margin=&#8220;default&#8220; equal_height=&#8220;yes&#8220; content_placement=&#8220;middle&#8220; column_direction=&#8220;default&#8220; column_direction_tablet=&#8220;default&#8220; column_direction_phone=&#8220;default&#8220; scene_position=&#8220;center&#8220; text_color=&#8220;dark&#8220; text_align=&#8220;left&#8220; row_border_radius=&#8220;none&#8220; row_border_radius_applies=&#8220;bg&#8220; overflow=&#8220;visible&#8220; class=&#8220;title&#8220; overlay_strength=&#8220;0.3&#8243; gradient_direction=&#8220;left_to_right&#8220; shape_divider_position=&#8220;bottom&#8220; bg_image_animation=&#8220;none&#8220; gradient_type=&#8220;default&#8220; shape_type=&#8220;&#8220;][vc_column column_padding=&#8220;padding-5-percent&#8220; column_padding_tablet=&#8220;inherit&#8220; column_padding_phone=&#8220;inherit&#8220; column_padding_position=&#8220;all&#8220; column_element_direction_desktop=&#8220;default&#8220; column_element_spacing=&#8220;default&#8220; desktop_text_alignment=&#8220;default&#8220; tablet_text_alignment=&#8220;default&#8220; phone_text_alignment=&#8220;default&#8220; background_color_opacity=&#8220;1&#8243; background_hover_color_opacity=&#8220;1&#8243; column_backdrop_filter=&#8220;none&#8220; column_shadow=&#8220;none&#8220; column_border_radius=&#8220;none&#8220; column_link_target=&#8220;_self&#8220; column_position=&#8220;default&#8220; gradient_direction=&#8220;left_to_right&#8220; overlay_strength=&#8220;0.3&#8243; width=&#8220;1\/2&#8243; tablet_width_inherit=&#8220;default&#8220; animation_type=&#8220;default&#8220; bg_image_animation=&#8220;none&#8220; border_type=&#8220;simple&#8220; column_border_width=&#8220;none&#8220; column_border_style=&#8220;solid&#8220; column_padding_type=&#8220;default&#8220; gradient_type=&#8220;default&#8220;][vc_custom_heading text=&#8220;Infos und Dienstleistungen&#8220; font_container=&#8220;tag:h1|text_align:left|color:%23000000&#8243; use_theme_fonts=&#8220;yes&#8220; css_animation=&#8220;bottom-to-top&#8220;][\/vc_column][vc_column column_padding=&#8220;no-extra-padding&#8220; column_padding_tablet=&#8220;inherit&#8220; column_padding_phone=&#8220;inherit&#8220; column_padding_position=&#8220;all&#8220; column_element_direction_desktop=&#8220;default&#8220; column_element_spacing=&#8220;default&#8220; desktop_text_alignment=&#8220;default&#8220; tablet_text_alignment=&#8220;default&#8220; phone_text_alignment=&#8220;default&#8220; background_color_opacity=&#8220;1&#8243; background_hover_color_opacity=&#8220;1&#8243; column_backdrop_filter=&#8220;none&#8220; column_shadow=&#8220;none&#8220; column_border_radius=&#8220;none&#8220; column_link_target=&#8220;_self&#8220; column_position=&#8220;default&#8220; gradient_direction=&#8220;left_to_right&#8220; overlay_strength=&#8220;0.3&#8243; width=&#8220;1\/2&#8243; tablet_width_inherit=&#8220;default&#8220; animation_type=&#8220;default&#8220; bg_image_animation=&#8220;none&#8220; border_type=&#8220;simple&#8220; column_border_width=&#8220;none&#8220; column_border_style=&#8220;solid&#8220; column_padding_type=&#8220;default&#8220; gradient_type=&#8220;default&#8220; offset=&#8220;vc_hidden-md vc_hidden-sm vc_hidden-xs&#8220;][divider line_type=&#8220;Small Line&#8220; line_alignment=&#8220;right&#8220; line_thickness=&#8220;2&#8243; divider_color=&#8220;black&#8220; animate=&#8220;yes&#8220; custom_height=&#8220;72px&#8220; custom_line_width=&#8220;660&#8243;][\/vc_column][\/vc_row][vc_row type=&#8220;full_width_content&#8220; full_screen_row_position=&#8220;middle&#8220; column_margin=&#8220;default&#8220; column_direction=&#8220;default&#8220; column_direction_tablet=&#8220;default&#8220; column_direction_phone=&#8220;default&#8220; scene_position=&#8220;center&#8220; bottom_margin=&#8220;5%&#8220; text_color=&#8220;dark&#8220; text_align=&#8220;left&#8220; row_border_radius=&#8220;none&#8220; row_border_radius_applies=&#8220;bg&#8220; overflow=&#8220;visible&#8220; overlay_strength=&#8220;0.3&#8243; gradient_direction=&#8220;left_to_right&#8220; shape_divider_position=&#8220;bottom&#8220; bg_image_animation=&#8220;none&#8220; gradient_type=&#8220;default&#8220; shape_type=&#8220;&#8220;][vc_column column_padding=&#8220;padding-5-percent&#8220; column_padding_tablet=&#8220;inherit&#8220; column_padding_phone=&#8220;inherit&#8220; column_padding_position=&#8220;left-right&#8220; column_element_direction_desktop=&#8220;default&#8220; column_element_spacing=&#8220;default&#8220; desktop_text_alignment=&#8220;default&#8220; tablet_text_alignment=&#8220;default&#8220; phone_text_alignment=&#8220;default&#8220; background_color_opacity=&#8220;1&#8243; background_hover_color_opacity=&#8220;1&#8243; column_backdrop_filter=&#8220;none&#8220; column_shadow=&#8220;none&#8220; column_border_radius=&#8220;none&#8220; column_link_target=&#8220;_self&#8220; column_position=&#8220;default&#8220; gradient_direction=&#8220;left_to_right&#8220; overlay_strength=&#8220;0.3&#8243; width=&#8220;1\/1&#8243; tablet_width_inherit=&#8220;default&#8220; animation_type=&#8220;default&#8220; bg_image_animation=&#8220;none&#8220; border_type=&#8220;simple&#8220; column_border_width=&#8220;none&#8220; column_border_style=&#8220;solid&#8220; column_padding_type=&#8220;default&#8220; gradient_type=&#8220;default&#8220;][toggles style=&#8220;minimal&#8220; accordion=&#8220;true&#8220; accordion_starting_functionality=&#8220;default&#8220;][toggle color=&#8220;Default&#8220; heading_tag=&#8220;default&#8220; heading_tag_functionality=&#8220;default&#8220; title=&#8220;Beratung und Vermittlung&#8220;][vc_column_text text_direction=&#8220;default&#8220;]<strong>Ihre Immobilie ist unser Anliegen.<\/strong><\/p>\n<p>Unser erfahrenes Team steht Ihnen bei jedem Schritt Ihrer Immobilien-Transaktion zur Seite. Von der ersten Beratung \u00fcber die professionelle Vermarktung bis hin zum erfolgreichen Abschluss begleiten wir Sie kompetent und individuell.<\/p>\n<ul>\n<li><strong>Umfassende Marktkenntnis:<\/strong> Wir kennen den lokalen Immobilienmarkt in- und auswendig und finden f\u00fcr Sie den besten K\u00e4ufer oder die passende Immobilie.<\/li>\n<li><strong>Individuelle Beratung:<\/strong> Ihre pers\u00f6nlichen W\u00fcnsche und Ziele stehen bei uns im Mittelpunkt. Wir entwickeln ma\u00dfgeschneiderte Strategien f\u00fcr Ihren erfolgreichen Immobilienverkauf oder -kauf.<\/li>\n<li><strong>Transparente Abwicklung:<\/strong> Ein reibungsloser Ablauf ist f\u00fcr uns selbstverst\u00e4ndlich. Wir informieren Sie stets transparent \u00fcber den Stand der Dinge und halten Sie auf dem Laufenden.&#8220;<\/li>\n<\/ul>\n[\/vc_column_text][\/toggle][toggle color=&#8220;Default&#8220; heading_tag=&#8220;default&#8220; heading_tag_functionality=&#8220;default&#8220; title=&#8220;Grundbuch und Kataster&#8220;][vc_column_text text_direction=&#8220;default&#8220;]<strong>Sicherheit durch Transparenz.<\/strong><\/p>\n<p>Ein l\u00fcckenloses Grundbuch und Kataster sind die Grundlage f\u00fcr eine sichere Immobilien-Transaktion. Wir k\u00fcmmern uns um alle formalen Aspekte und sorgen f\u00fcr einen reibungslosen Ablauf.<\/p>\n<ul>\n<li><strong>Grundbuchauszug:<\/strong> Wir beschaffen f\u00fcr Sie aktuelle Grundbuchausz\u00fcge und pr\u00fcfen die Rechtslage Ihrer Immobilie.<\/li>\n<li><strong>Katasterauskunft:<\/strong> Wir erteilen Ihnen Ausk\u00fcnfte \u00fcber die genaue Lage und Gr\u00f6\u00dfe Ihrer Immobilie.<\/li>\n<li><strong>Beh\u00f6rdeng\u00e4nge:<\/strong> Wir \u00fcbernehmen f\u00fcr Sie alle notwendigen Beh\u00f6rdeng\u00e4nge und ersparen Ihnen Zeit und Aufwand.<\/li>\n<\/ul>\n[\/vc_column_text][\/toggle][toggle color=&#8220;Default&#8220; heading_tag=&#8220;default&#8220; heading_tag_functionality=&#8220;default&#8220; title=&#8220;Sch\u00e4tzung und Marktwert&#8220;][vc_column_text text_direction=&#8220;default&#8220;]<strong>Der richtige Preis f\u00fcr Ihre Immobilie.<\/strong><\/p>\n<p>Eine realistische Bewertung ist der Schl\u00fcssel zum erfolgreichen Immobilienverkauf. Wir ermitteln den aktuellen Marktwert Ihrer Immobilie auf Basis unserer umfangreichen Marktdaten und langj\u00e4hrigen Erfahrung.<\/p>\n<ul>\n<li><strong>Professionelle Wertermittlung:<\/strong> Wir f\u00fchren eine detaillierte Wertermittlung durch und ber\u00fccksichtigen dabei alle relevanten Faktoren wie Lage, Zustand und Ausstattung.<\/li>\n<li><strong>Marktvergleich:<\/strong> Wir vergleichen Ihre Immobilie mit \u00e4hnlichen Objekten in der Umgebung und ermitteln so den optimalen Verkaufspreis.<\/li>\n<li><strong>Individuelle Beratung:<\/strong> Wir erl\u00e4utern Ihnen die Ergebnisse unserer Bewertung transparent und geben Ihnen eine fundierte Einsch\u00e4tzung.<\/li>\n<\/ul>\n[\/vc_column_text][\/toggle][toggle color=&#8220;Default&#8220; heading_tag=&#8220;default&#8220; heading_tag_functionality=&#8220;default&#8220; title=&#8220;Wieviel Provinzbeitrag erhalte ich f\u00fcr meine Wohnung?&#8220;][vc_column_text text_direction=&#8220;default&#8220;]<strong>F\u00f6rderungen f\u00fcr Ihre Immobilie.<\/strong><\/p>\n<p>M\u00f6chten Sie Ihre Immobilie verkaufen oder vermieten und interessieren sich f\u00fcr m\u00f6gliche F\u00f6rderungen? Wir informieren Sie gerne \u00fcber die aktuellen F\u00f6rderprogramme und unterst\u00fctzen Sie bei der Antragstellung.<\/p>\n<ul>\n<li><strong>Individuelle Beratung:<\/strong> Wir analysieren Ihre individuelle Situation und zeigen Ihnen, welche F\u00f6rderungen f\u00fcr Sie in Frage kommen.<\/li>\n<li><strong>Antragstellung:<\/strong> Wir helfen Ihnen bei der Erstellung der F\u00f6rderantr\u00e4ge und begleiten Sie durch das gesamte Antragsverfahren.<\/li>\n<li><strong>Regelm\u00e4\u00dfige Updates:<\/strong> Wir halten Sie \u00fcber \u00c4nderungen bei den F\u00f6rderprogrammen auf dem Laufenden.<\/li>\n<\/ul>\n[\/vc_column_text][\/toggle][toggle color=&#8220;Default&#8220; heading_tag=&#8220;default&#8220; heading_tag_functionality=&#8220;default&#8220; title=&#8220;Welche Immobilie ist die richtige f\u00fcr mich? &#8222;][vc_column_text text_direction=&#8220;default&#8220;]<strong>Ein Leitfaden f\u00fcr den Kauf Ihrer Traumimmobilie. <\/strong><\/p>\n<p>Sie suchen eine Immobilie, die sowohl Ihren \u00e4sthetischen als auch Ihren finanziellen Vorstellungen entspricht? Wir sind Ihr kompetenter Partner.<\/p>\n<ul>\n<li><strong>Maximale Expertise in der Branche:<\/strong> Dank unserer langj\u00e4hrigen Erfahrung und unserer profunden Kenntnis des lokalen Immobilienmarktes finden wir f\u00fcr Sie die perfekte Immobilie zu attraktiven Preisen.<\/li>\n<li><strong>Individuelle Beratung:<\/strong> Wir h\u00f6ren Ihnen genau zu und suchen nach der Immobilie, die Ihre W\u00fcnsche optimal erf\u00fcllt.<\/li>\n<li><strong>Beratung und Vorteile:<\/strong> Wir machen Ihre Immobilientr\u00e4ume wahr. Profitieren Sie von unserer gezielten Beratung und unseren ma\u00dfgeschneiderten L\u00f6sungen.<\/li>\n<\/ul>\n[\/vc_column_text][\/toggle][\/toggles][\/vc_column][\/vc_row]\n","protected":false},"excerpt":{"rendered":"<p>[vc_row type=&#8220;full_width_content&#8220; full_screen_row_position=&#8220;middle&#8220; column_margin=&#8220;default&#8220; equal_height=&#8220;yes&#8220; content_placement=&#8220;middle&#8220; column_direction=&#8220;default&#8220; column_direction_tablet=&#8220;default&#8220; column_direction_phone=&#8220;default&#8220; scene_position=&#8220;center&#8220; text_color=&#8220;dark&#8220; text_align=&#8220;left&#8220; row_border_radius=&#8220;none&#8220; row_border_radius_applies=&#8220;bg&#8220; overflow=&#8220;visible&#8220; class=&#8220;title&#8220; overlay_strength=&#8220;0.3&#8243; gradient_direction=&#8220;left_to_right&#8220; shape_divider_position=&#8220;bottom&#8220; bg_image_animation=&#8220;none&#8220; gradient_type=&#8220;default&#8220; shape_type=&#8220;&#8220;][vc_column column_padding=&#8220;padding-5-percent&#8220; column_padding_tablet=&#8220;inherit&#8220; column_padding_phone=&#8220;inherit&#8220; column_padding_position=&#8220;all&#8220; column_element_direction_desktop=&#8220;default&#8220; column_element_spacing=&#8220;default&#8220; desktop_text_alignment=&#8220;default&#8220; tablet_text_alignment=&#8220;default&#8220;&#8230;<\/p>\n","protected":false},"author":6,"featured_media":0,"parent":0,"menu_order":0,"comment_status":"closed","ping_status":"closed","template":"","meta":{"_acf_changed":false,"footnotes":""},"class_list":["post-18690","page","type-page","status-publish"],"acf":[],"yoast_head":"<!-- This site is optimized with the Yoast SEO plugin v27.4 - https:\/\/yoast.com\/product\/yoast-seo-wordpress\/ -->\n<title>Infos - Studio Immobiliare Zingerle Stefan<\/title>\n<meta name=\"robots\" content=\"index, follow, max-snippet:-1, max-image-preview:large, max-video-preview:-1\" \/>\n<link rel=\"canonical\" href=\"https:\/\/www.immobilien-suedtirol.bz.it\/de\/infos-immobilien-suedtirol\/\" \/>\n<meta property=\"og:locale\" content=\"de_DE\" \/>\n<meta property=\"og:type\" content=\"article\" \/>\n<meta property=\"og:title\" content=\"Infos - Studio Immobiliare Zingerle Stefan\" \/>\n<meta property=\"og:description\" content=\"[vc_row type=&#8220;full_width_content&#8220; full_screen_row_position=&#8220;middle&#8220; column_margin=&#8220;default&#8220; equal_height=&#8220;yes&#8220; content_placement=&#8220;middle&#8220; column_direction=&#8220;default&#8220; column_direction_tablet=&#8220;default&#8220; column_direction_phone=&#8220;default&#8220; scene_position=&#8220;center&#8220; text_color=&#8220;dark&#8220; text_align=&#8220;left&#8220; row_border_radius=&#8220;none&#8220; row_border_radius_applies=&#8220;bg&#8220; overflow=&#8220;visible&#8220; class=&#8220;title&#8220; overlay_strength=&#8220;0.3&#8243; gradient_direction=&#8220;left_to_right&#8220; shape_divider_position=&#8220;bottom&#8220; bg_image_animation=&#8220;none&#8220; gradient_type=&#8220;default&#8220; shape_type=&#8220;&#8220;][vc_column column_padding=&#8220;padding-5-percent&#8220; column_padding_tablet=&#8220;inherit&#8220; column_padding_phone=&#8220;inherit&#8220; column_padding_position=&#8220;all&#8220; column_element_direction_desktop=&#8220;default&#8220; column_element_spacing=&#8220;default&#8220; desktop_text_alignment=&#8220;default&#8220; tablet_text_alignment=&#8220;default&#8220;...\" \/>\n<meta property=\"og:url\" content=\"https:\/\/www.immobilien-suedtirol.bz.it\/de\/infos-immobilien-suedtirol\/\" \/>\n<meta property=\"og:site_name\" content=\"Studio Immobiliare Zingerle Stefan\" \/>\n<meta property=\"article:modified_time\" content=\"2024-10-04T06:22:32+00:00\" \/>\n<meta name=\"twitter:card\" content=\"summary_large_image\" \/>\n<meta name=\"twitter:label1\" content=\"Gesch\u00e4tzte Lesezeit\" \/>\n\t<meta name=\"twitter:data1\" content=\"3\u00a0Minuten\" \/>\n<script type=\"application\/ld+json\" class=\"yoast-schema-graph\">{\"@context\":\"https:\\\/\\\/schema.org\",\"@graph\":[{\"@type\":\"WebPage\",\"@id\":\"https:\\\/\\\/www.immobilien-suedtirol.bz.it\\\/de\\\/infos-immobilien-suedtirol\\\/\",\"url\":\"https:\\\/\\\/www.immobilien-suedtirol.bz.it\\\/de\\\/infos-immobilien-suedtirol\\\/\",\"name\":\"Infos - Studio Immobiliare Zingerle Stefan\",\"isPartOf\":{\"@id\":\"https:\\\/\\\/www.immobilien-suedtirol.bz.it\\\/de\\\/#website\"},\"datePublished\":\"2023-08-07T18:16:38+00:00\",\"dateModified\":\"2024-10-04T06:22:32+00:00\",\"breadcrumb\":{\"@id\":\"https:\\\/\\\/www.immobilien-suedtirol.bz.it\\\/de\\\/infos-immobilien-suedtirol\\\/#breadcrumb\"},\"inLanguage\":\"de\",\"potentialAction\":[{\"@type\":\"ReadAction\",\"target\":[\"https:\\\/\\\/www.immobilien-suedtirol.bz.it\\\/de\\\/infos-immobilien-suedtirol\\\/\"]}]},{\"@type\":\"BreadcrumbList\",\"@id\":\"https:\\\/\\\/www.immobilien-suedtirol.bz.it\\\/de\\\/infos-immobilien-suedtirol\\\/#breadcrumb\",\"itemListElement\":[{\"@type\":\"ListItem\",\"position\":1,\"name\":\"Home\",\"item\":\"https:\\\/\\\/www.immobilien-suedtirol.bz.it\\\/de\\\/\"},{\"@type\":\"ListItem\",\"position\":2,\"name\":\"Infos\"}]},{\"@type\":\"WebSite\",\"@id\":\"https:\\\/\\\/www.immobilien-suedtirol.bz.it\\\/de\\\/#website\",\"url\":\"https:\\\/\\\/www.immobilien-suedtirol.bz.it\\\/de\\\/\",\"name\":\"Studio Immobiliare Zingerle Stefan\",\"description\":\"Al Suo fianco nella compravendita immobiliare\",\"publisher\":{\"@id\":\"https:\\\/\\\/www.immobilien-suedtirol.bz.it\\\/de\\\/#organization\"},\"potentialAction\":[{\"@type\":\"SearchAction\",\"target\":{\"@type\":\"EntryPoint\",\"urlTemplate\":\"https:\\\/\\\/www.immobilien-suedtirol.bz.it\\\/de\\\/?s={search_term_string}\"},\"query-input\":{\"@type\":\"PropertyValueSpecification\",\"valueRequired\":true,\"valueName\":\"search_term_string\"}}],\"inLanguage\":\"de\"},{\"@type\":\"Organization\",\"@id\":\"https:\\\/\\\/www.immobilien-suedtirol.bz.it\\\/de\\\/#organization\",\"name\":\"Studio Immobiliare Zingerle Stefan\",\"url\":\"https:\\\/\\\/www.immobilien-suedtirol.bz.it\\\/de\\\/\",\"logo\":{\"@type\":\"ImageObject\",\"inLanguage\":\"de\",\"@id\":\"https:\\\/\\\/www.immobilien-suedtirol.bz.it\\\/de\\\/#\\\/schema\\\/logo\\\/image\\\/\",\"url\":\"https:\\\/\\\/www.immobilien-suedtirol.bz.it\\\/wp-content\\\/uploads\\\/2024\\\/08\\\/studio-immobiliare-zingerle-colori.png\",\"contentUrl\":\"https:\\\/\\\/www.immobilien-suedtirol.bz.it\\\/wp-content\\\/uploads\\\/2024\\\/08\\\/studio-immobiliare-zingerle-colori.png\",\"width\":3841,\"height\":2161,\"caption\":\"Studio Immobiliare Zingerle Stefan\"},\"image\":{\"@id\":\"https:\\\/\\\/www.immobilien-suedtirol.bz.it\\\/de\\\/#\\\/schema\\\/logo\\\/image\\\/\"}}]}<\/script>\n<!-- \/ Yoast SEO plugin. -->","yoast_head_json":{"title":"Infos - Studio Immobiliare Zingerle Stefan","robots":{"index":"index","follow":"follow","max-snippet":"max-snippet:-1","max-image-preview":"max-image-preview:large","max-video-preview":"max-video-preview:-1"},"canonical":"https:\/\/www.immobilien-suedtirol.bz.it\/de\/infos-immobilien-suedtirol\/","og_locale":"de_DE","og_type":"article","og_title":"Infos - Studio Immobiliare Zingerle Stefan","og_description":"[vc_row type=&#8220;full_width_content&#8220; full_screen_row_position=&#8220;middle&#8220; column_margin=&#8220;default&#8220; equal_height=&#8220;yes&#8220; content_placement=&#8220;middle&#8220; column_direction=&#8220;default&#8220; column_direction_tablet=&#8220;default&#8220; column_direction_phone=&#8220;default&#8220; scene_position=&#8220;center&#8220; text_color=&#8220;dark&#8220; text_align=&#8220;left&#8220; row_border_radius=&#8220;none&#8220; row_border_radius_applies=&#8220;bg&#8220; overflow=&#8220;visible&#8220; class=&#8220;title&#8220; overlay_strength=&#8220;0.3&#8243; gradient_direction=&#8220;left_to_right&#8220; shape_divider_position=&#8220;bottom&#8220; bg_image_animation=&#8220;none&#8220; gradient_type=&#8220;default&#8220; shape_type=&#8220;&#8220;][vc_column column_padding=&#8220;padding-5-percent&#8220; column_padding_tablet=&#8220;inherit&#8220; column_padding_phone=&#8220;inherit&#8220; column_padding_position=&#8220;all&#8220; column_element_direction_desktop=&#8220;default&#8220; column_element_spacing=&#8220;default&#8220; desktop_text_alignment=&#8220;default&#8220; tablet_text_alignment=&#8220;default&#8220;...","og_url":"https:\/\/www.immobilien-suedtirol.bz.it\/de\/infos-immobilien-suedtirol\/","og_site_name":"Studio Immobiliare Zingerle Stefan","article_modified_time":"2024-10-04T06:22:32+00:00","twitter_card":"summary_large_image","twitter_misc":{"Gesch\u00e4tzte Lesezeit":"3\u00a0Minuten"},"schema":{"@context":"https:\/\/schema.org","@graph":[{"@type":"WebPage","@id":"https:\/\/www.immobilien-suedtirol.bz.it\/de\/infos-immobilien-suedtirol\/","url":"https:\/\/www.immobilien-suedtirol.bz.it\/de\/infos-immobilien-suedtirol\/","name":"Infos - Studio Immobiliare Zingerle Stefan","isPartOf":{"@id":"https:\/\/www.immobilien-suedtirol.bz.it\/de\/#website"},"datePublished":"2023-08-07T18:16:38+00:00","dateModified":"2024-10-04T06:22:32+00:00","breadcrumb":{"@id":"https:\/\/www.immobilien-suedtirol.bz.it\/de\/infos-immobilien-suedtirol\/#breadcrumb"},"inLanguage":"de","potentialAction":[{"@type":"ReadAction","target":["https:\/\/www.immobilien-suedtirol.bz.it\/de\/infos-immobilien-suedtirol\/"]}]},{"@type":"BreadcrumbList","@id":"https:\/\/www.immobilien-suedtirol.bz.it\/de\/infos-immobilien-suedtirol\/#breadcrumb","itemListElement":[{"@type":"ListItem","position":1,"name":"Home","item":"https:\/\/www.immobilien-suedtirol.bz.it\/de\/"},{"@type":"ListItem","position":2,"name":"Infos"}]},{"@type":"WebSite","@id":"https:\/\/www.immobilien-suedtirol.bz.it\/de\/#website","url":"https:\/\/www.immobilien-suedtirol.bz.it\/de\/","name":"Studio Immobiliare Zingerle Stefan","description":"Al Suo fianco nella compravendita immobiliare","publisher":{"@id":"https:\/\/www.immobilien-suedtirol.bz.it\/de\/#organization"},"potentialAction":[{"@type":"SearchAction","target":{"@type":"EntryPoint","urlTemplate":"https:\/\/www.immobilien-suedtirol.bz.it\/de\/?s={search_term_string}"},"query-input":{"@type":"PropertyValueSpecification","valueRequired":true,"valueName":"search_term_string"}}],"inLanguage":"de"},{"@type":"Organization","@id":"https:\/\/www.immobilien-suedtirol.bz.it\/de\/#organization","name":"Studio Immobiliare Zingerle Stefan","url":"https:\/\/www.immobilien-suedtirol.bz.it\/de\/","logo":{"@type":"ImageObject","inLanguage":"de","@id":"https:\/\/www.immobilien-suedtirol.bz.it\/de\/#\/schema\/logo\/image\/","url":"https:\/\/www.immobilien-suedtirol.bz.it\/wp-content\/uploads\/2024\/08\/studio-immobiliare-zingerle-colori.png","contentUrl":"https:\/\/www.immobilien-suedtirol.bz.it\/wp-content\/uploads\/2024\/08\/studio-immobiliare-zingerle-colori.png","width":3841,"height":2161,"caption":"Studio Immobiliare Zingerle Stefan"},"image":{"@id":"https:\/\/www.immobilien-suedtirol.bz.it\/de\/#\/schema\/logo\/image\/"}}]}},"_links":{"self":[{"href":"https:\/\/www.immobilien-suedtirol.bz.it\/de\/wp-json\/wp\/v2\/pages\/18690","targetHints":{"allow":["GET"]}}],"collection":[{"href":"https:\/\/www.immobilien-suedtirol.bz.it\/de\/wp-json\/wp\/v2\/pages"}],"about":[{"href":"https:\/\/www.immobilien-suedtirol.bz.it\/de\/wp-json\/wp\/v2\/types\/page"}],"author":[{"embeddable":true,"href":"https:\/\/www.immobilien-suedtirol.bz.it\/de\/wp-json\/wp\/v2\/users\/6"}],"replies":[{"embeddable":true,"href":"https:\/\/www.immobilien-suedtirol.bz.it\/de\/wp-json\/wp\/v2\/comments?post=18690"}],"version-history":[{"count":0,"href":"https:\/\/www.immobilien-suedtirol.bz.it\/de\/wp-json\/wp\/v2\/pages\/18690\/revisions"}],"wp:attachment":[{"href":"https:\/\/www.immobilien-suedtirol.bz.it\/de\/wp-json\/wp\/v2\/media?parent=18690"}],"curies":[{"name":"wp","href":"https:\/\/api.w.org\/{rel}","templated":true}]}}